{"id":1159,"date":"2024-05-30T21:41:41","date_gmt":"2024-05-31T00:41:41","guid":{"rendered":"http:\/\/www.labrujulaweb.com.ar\/blog\/?page_id=1159"},"modified":"2025-08-28T09:40:52","modified_gmt":"2025-08-28T12:40:52","slug":"edicto-sobre-licitacion-de-terminal-de-omnibus","status":"publish","type":"page","link":"https:\/\/www.labrujulaweb.com.ar\/blog\/edicto-sobre-licitacion-de-terminal-de-omnibus\/","title":{"rendered":"EDICTO"},"content":{"rendered":"\n<figure class=\"wp-block-image size-full is-resized\"><img data-recalc-dims=\"1\" loading=\"lazy\" decoding=\"async\" width=\"292\" height=\"100\" src=\"https:\/\/i0.wp.com\/www.labrujulaweb.com.ar\/blog\/wp-content\/uploads\/2025\/02\/logo_gobfa_color.png?resize=292%2C100&#038;ssl=1\" alt=\"\" class=\"wp-image-11450\" style=\"width:397px;height:auto\"\/><\/figure>\n\n\n\n<p class=\"has-large-font-size\"><strong>Licitacion de Kiosco y Heladeria de la Terminal de Omnibus<\/strong><\/p>\n\n\n\n<p class=\"has-text-align-left\"><strong>LICITACION PUBLICA MUNICIPAL N\u00ba03\/2025<\/strong><br>La Municipalidad de Florentino Ameghino llama a Licitaci\u00f3n P\u00fablica para la explotaci\u00f3n y concesi\u00f3n del servicio de kiosco y heladeria de la terminal de \u00f3mnibus de Ameghino con un presupuesto oficial de        $ 100.000 (pesos cien mil). Los interesados podr\u00e1n adquirir el pliego de Bases y Condiciones en la oficina de Compras de la Municipalidad de Florentino Ameghino, sita en Calle 9 de Julio N\u00ba668 de Ameghino, Partido de Florentino Ameghino, provincia de Buenos Aires, horario de atenci\u00f3n de 08:00 a 12:00 hs.                                  <\/p>\n\n\n\n<p>Valor del Pliego de bases y condiciones : $0,00.<\/p>\n\n\n\n<p>Apertura de la ofertas: 8 de septiembre de 2025, en el salon Dorado del Palacio Municipal a las 9 :00 hs.-<\/p>\n\n\n\n<p><\/p>\n\n\n\n<p class=\"has-text-align-center\"><\/p>\n","protected":false},"excerpt":{"rendered":"<p>Licitacion de Kiosco y Heladeria de la Terminal de Omnibus LICITACION PUBLICA MUNICIPAL N\u00ba03\/2025La Municipalidad de Florentino Ameghino llama a Licitaci\u00f3n P\u00fablica para la explotaci\u00f3n y concesi\u00f3n del servicio de kiosco y heladeria de la terminal de \u00f3mnibus de Ameghino con un presupuesto oficial de $ 100.000 (pesos cien mil). Los interesados podr\u00e1n adquirir el [&hellip;]<\/p>\n","protected":false},"author":1,"featured_media":0,"parent":0,"menu_order":0,"comment_status":"closed","ping_status":"closed","template":"","meta":{"footnotes":""},"class_list":["post-1159","page","type-page","status-publish","hentry"],"jetpack_sharing_enabled":true,"_links":{"self":[{"href":"https:\/\/www.labrujulaweb.com.ar\/blog\/wp-json\/wp\/v2\/pages\/1159","targetHints":{"allow":["GET"]}}],"collection":[{"href":"https:\/\/www.labrujulaweb.com.ar\/blog\/wp-json\/wp\/v2\/pages"}],"about":[{"href":"https:\/\/www.labrujulaweb.com.ar\/blog\/wp-json\/wp\/v2\/types\/page"}],"author":[{"embeddable":true,"href":"https:\/\/www.labrujulaweb.com.ar\/blog\/wp-json\/wp\/v2\/users\/1"}],"replies":[{"embeddable":true,"href":"https:\/\/www.labrujulaweb.com.ar\/blog\/wp-json\/wp\/v2\/comments?post=1159"}],"version-history":[{"count":5,"href":"https:\/\/www.labrujulaweb.com.ar\/blog\/wp-json\/wp\/v2\/pages\/1159\/revisions"}],"predecessor-version":[{"id":12230,"href":"https:\/\/www.labrujulaweb.com.ar\/blog\/wp-json\/wp\/v2\/pages\/1159\/revisions\/12230"}],"wp:attachment":[{"href":"https:\/\/www.labrujulaweb.com.ar\/blog\/wp-json\/wp\/v2\/media?parent=1159"}],"curies":[{"name":"wp","href":"https:\/\/api.w.org\/{rel}","templated":true}]}}